{"id":866,"date":"2021-10-15T10:43:10","date_gmt":"2021-10-15T10:43:10","guid":{"rendered":"https:\/\/stromae.staging.webedia.pro\/mentions-legales\/"},"modified":"2021-11-02T16:57:13","modified_gmt":"2021-11-02T16:57:13","slug":"mentions-legales","status":"publish","type":"page","link":"https:\/\/stromae.staging.webedia.pro\/fr\/mentions-legales\/","title":{"rendered":"Mentions l\u00e9gales"},"content":{"rendered":"<h2 style=\"text-align: center;\"><strong>Mentions l\u00e9gales<\/strong><\/h2>\n<p>&nbsp;<\/p>\n<p>Le site <strong><a href=\"https:\/\/stromae.staging.webedia.pro\/\">stromae.staging.webedia.pro<\/a><\/strong> (ci-apr\u00e8s \u00ab le Site \u00bb) est \u00e9dit\u00e9 par la soci\u00e9t\u00e9 Mosaert Label.<\/p>\n<p>&nbsp;<\/p>\n<p><strong>\u00c9DITEUR DU SITE<\/strong><\/p>\n<p><strong>Mosaert Label, soci\u00e9t\u00e9 \u00e0 responsabilit\u00e9 limit\u00e9e<\/strong><\/p>\n<p>Si\u00e8ge social\u00a0: Avenue Louise, 137 bte 3 \u00e0 1050 Bruxelles (Belgique)<\/p>\n<p>Inscrite \u00e0 la Banque Carrefour des Entreprises\u00a0sous le n\u00b0 : 0700.612.291<\/p>\n<p>TVA\u00a0: BE0700.612.291<\/p>\n<p>Contact : <span style=\"text-decoration: underline;\"><a href=\"mailto:customer@mosaert.com\">customer@mosaert.com<\/a><\/span><\/p>\n<p>&nbsp;<\/p>\n<p>&nbsp;<\/p>\n<p><strong>DEVELOPPEMENT &amp; HEBERGEMENT DU SITE<\/strong><\/p>\n<p><strong>Webedia (Live &amp; Show), soci\u00e9t\u00e9 anonyme \u00e0 conseil d\u2019administration au capital social de 1.301.656,18 euros<\/strong><br \/>\nSi\u00e8ge social : Rue Paul Vaillant Couturier, 2 &#8211; CS 60102 \u00e0 92532 Levallois Perret Cedex (France)<\/p>\n<p>Immatricul\u00e9e au RCS de Nanterre sous le n\u00b0: 501 106 520<br \/>\nRepr\u00e9sent\u00e9e par Monsieur Olivier Palud<\/p>\n<p>Contact :\u00a0<span style=\"text-decoration: underline;\"><a href=\"mailto:live-show@webedia-group.com\">live-show@webedia-group.com<\/a><\/span><\/p>\n<p>&nbsp;<\/p>\n<p>&nbsp;<\/p>\n<p><strong>CREATION DU SITE<\/strong><\/p>\n<p><strong>La Fourmi, soci\u00e9t\u00e9 par actions simplifi\u00e9es au capital social de de 142.000 \u20ac<\/strong><\/p>\n<p>Si\u00e8ge social\u00a0: Rue des Tilleuls, 42 \u00e0 92100 Boulogne-Billancourt (France)<\/p>\n<p>Immatricul\u00e9e au RCS de Nanterre sous le n\u00b0: 499 449 759<\/p>\n<p>&nbsp;<\/p>\n<p>Les liens hypertextes \u00e9tablis en direction d&#8217;autres sites \u00e0 partir du Site ne sauraient, en aucun cas, engager la responsabilit\u00e9 de Mosaert Label.<\/p>\n<p>&nbsp;<\/p>\n<p>La reproduction ou repr\u00e9sentation, int\u00e9grale ou partielle, de tout ou partie du Site ou d\u2019un de ses \u00e9l\u00e9ments, par quelque proc\u00e9d\u00e9 ou support que ce soit sans autorisation pr\u00e9alable de l\u2019\u00e9diteur, est interdite et constitue une contrefa\u00e7on au sens de la r\u00e9glementation applicable<\/p>\n","protected":false},"excerpt":{"rendered":"<p>Mentions l\u00e9gales &nbsp; Le site stromae.staging.webedia.pro (ci-apr\u00e8s \u00ab le Site \u00bb) est \u00e9dit\u00e9 par la soci\u00e9t\u00e9 Mosaert Label. &nbsp; \u00c9DITEUR DU SITE Mosaert Label, soci\u00e9t\u00e9 \u00e0 responsabilit\u00e9 limit\u00e9e Si\u00e8ge social\u00a0: Avenue Louise, 137 bte 3 \u00e0 1050 Bruxelles (Belgique) Inscrite \u00e0 la Banque Carrefour des Entreprises\u00a0sous le n\u00b0 : 0700.612.291 TVA\u00a0: BE0700.612.291 Contact : customer@mosaert.com [&hellip;]<\/p>\n","protected":false},"author":3,"featured_media":0,"parent":0,"menu_order":0,"comment_status":"closed","ping_status":"closed","template":"","meta":[],"_links":{"self":[{"href":"https:\/\/stromae.staging.webedia.pro\/fr\/wp-json\/wp\/v2\/pages\/866"}],"collection":[{"href":"https:\/\/stromae.staging.webedia.pro\/fr\/wp-json\/wp\/v2\/pages"}],"about":[{"href":"https:\/\/stromae.staging.webedia.pro\/fr\/wp-json\/wp\/v2\/types\/page"}],"author":[{"embeddable":true,"href":"https:\/\/stromae.staging.webedia.pro\/fr\/wp-json\/wp\/v2\/users\/3"}],"replies":[{"embeddable":true,"href":"https:\/\/stromae.staging.webedia.pro\/fr\/wp-json\/wp\/v2\/comments?post=866"}],"version-history":[{"count":3,"href":"https:\/\/stromae.staging.webedia.pro\/fr\/wp-json\/wp\/v2\/pages\/866\/revisions"}],"predecessor-version":[{"id":1291,"href":"https:\/\/stromae.staging.webedia.pro\/fr\/wp-json\/wp\/v2\/pages\/866\/revisions\/1291"}],"wp:attachment":[{"href":"https:\/\/stromae.staging.webedia.pro\/fr\/wp-json\/wp\/v2\/media?parent=866"}],"curies":[{"name":"wp","href":"https:\/\/api.w.org\/{rel}","templated":true}]}}