{"id":2695,"date":"2022-03-02T13:12:02","date_gmt":"2022-03-02T13:12:02","guid":{"rendered":"https:\/\/stromae.staging.webedia.pro\/?page_id=2695"},"modified":"2022-03-24T16:43:57","modified_gmt":"2022-03-24T16:43:57","slug":"stems-enfer","status":"publish","type":"page","link":"https:\/\/stromae.staging.webedia.pro\/fr\/stems-enfer\/","title":{"rendered":"Stems Enfer"},"content":{"rendered":"<div role=\"form\" class=\"wpcf7\" id=\"wpcf7-f2637-o1\" lang=\"en-US\" dir=\"ltr\">\n<div class=\"screen-reader-response\"><p role=\"status\" aria-live=\"polite\" aria-atomic=\"true\"><\/p> <ul><\/ul><\/div>\n<form action=\"\/fr\/wp-json\/wp\/v2\/pages\/2695#wpcf7-f2637-o1\" method=\"post\" class=\"wpcf7-form init cf7mls-no-moving-animation wpcf7-acceptance-as-validation\" novalidate=\"novalidate\" data-status=\"init\">\n<div style=\"display: none;\">\n<input type=\"hidden\" name=\"_wpcf7\" value=\"2637\" \/>\n<input type=\"hidden\" name=\"_wpcf7_version\" value=\"5.5.1\" \/>\n<input type=\"hidden\" name=\"_wpcf7_locale\" value=\"en_US\" \/>\n<input type=\"hidden\" name=\"_wpcf7_unit_tag\" value=\"wpcf7-f2637-o1\" \/>\n<input type=\"hidden\" name=\"_wpcf7_container_post\" value=\"0\" \/>\n<input type=\"hidden\" name=\"_wpcf7_posted_data_hash\" value=\"\" \/>\n<\/div>\n<div class=\"fieldset-cf7mls-wrapper\" data-transition-effects><fieldset class=\"fieldset-cf7mls cf7mls_current_fs\"><h2>STEMS DE L'ENFER<\/h2>\n&nbsp;\n<p><\/p>\n<textarea rows=\"70%\" cols=\"100%\" style=\"font-family:Arial;\" readonly>\nCONDITIONS D'UTILISATION DES REMIXES DE L\u2019ENFER\n\nMerci pour l\u2019int\u00e9r\u00eat que vous portez \u00e0 la musique de Stromae !\nVous pouvez t\u00e9l\u00e9charger ici les extraits de la chanson L\u2019enfer et les utiliser si vous acceptez\nles principes et directives suivants. Ils sont simples et clairs, donc merci de les respecter.\n\nGRATUIT\nLes stems disponibles ici sont t\u00e9l\u00e9chargeables gratuitement.\n\nREMIX SEULEMENT\nVous \u00eates autoris\u00e9 \u00e0 utiliser les stems uniquement pour cr\u00e9er votre propre remix de la chanson\nL\u2019enfer. Cela signifie que vous devez cr\u00e9er votre propre morceau : quelque chose de nouveau,\nde diff\u00e9rent, d'inattendu, quelque chose qui attirerait l\u2019attention de Stromae.\nVous ne pouvez pas partager les stems avec un tiers. Vous ne pouvez pas les utiliser comme\ndes boucles ni pour sampler L\u2019enfer dans un de vos nouveaux morceaux.\n\nRIEN D'AUTRE\nLes stems ne peuvent pas \u00eatre distribu\u00e9s tels quels, individuellement ou group\u00e9s, et ils ne\npeuvent pas \u00eatre exploit\u00e9s comme un titre pouvant \u00eatre confondu avec l'enregistrement\noriginal de L\u2019enfer par Stromae.\n\nUTILISATION EN LIGNE NON COMMERCIALE\nVotre remix peut seulement \u00eatre publi\u00e9 et diffus\u00e9 en ligne, o\u00f9 et tant que vous le souhaitez,\nmais sans aucune contrepartie financi\u00e8re, que ce soit en demandant aux gens de payer, en\nutilisant une plateforme qui demanderait aux gens de payer ou via une plateforme qui\nmon\u00e9tiserait les streams du remix (le remix sera consid\u00e9r\u00e9 comme du user generated content\nde L\u2019enfer, le cas \u00e9ch\u00e9ant).\nCe ne sont que des exemples mais vous l'avez compris : vous ne pouvez pas gagner de\nl'argent, directement ou indirectement, de l'utilisation de votre remix.\n\nMAIS QU'EN EST-IL DES UTILISATIONS COMMERCIALES ?\nSi vous voulez faire de l'argent avec votre remix ou le reproduire sur un support tangible\n(comme un disque vinyle par exemple) ou si nous souhaitions le diffuser dans un but\ncommercial, prenons contact et essayons de trouver un accord (le cas \u00e9ch\u00e9ant).\n\nATTRIBUTION\nVotre remix devra pr\u00e9senter Stromae comme l'artiste principal et lui \u00eatre enti\u00e8rement attribu\u00e9.\nVotre remix sera titr\u00e9 comme suit : \"L\u2019enfer de Stromae (<ce que vous choisissez comme\ndescription > Remix\" ou \"L\u2019enfer de Stromae (<ce que vous choisissez comme description>\nRework\". Vous ne pouvez ne pas utiliser l'accent sur le \" \u00e9 \" s'il n'est pas disponible sur votre\nclavier ou s'il n'est pas compatible avec la plateforme sur laquelle votre remix sera diffus\u00e9.\nVotre nom ou pseudo n'appara\u00eetra, si vous le souhaitez, que dans la partie <quelque chose\nque vous choisissez comme description> du titre du remix.\n\nCOPYRIGHT ETC\nLe master de votre remix vous appartient (sauf accord contraire de notre part dans le cas d'un\naccord sp\u00e9cifique d'utilisation commerciale - voir ci-dessus) mais les droits d'auteur et droits\nsimilaires sur les paroles et la composition sous-jacente de L\u2019enfer sont et restent la propri\u00e9t\u00e9\nexclusive de Stromae et des autres ayants droit de la chanson pour le monde entier.\nVous n'\u00eates donc pas en droit de revendiquer une quelconque part de droits d'auteur sur la\nchanson L\u2019enfer et\/ou votre remix, qui est consid\u00e9r\u00e9 comme une version de la chanson\noriginale aux fins du droit d'auteur et des lois similaires. En d'autres termes, vous n'obtenez\npas de part d'arrangeur ou d'adaptateur pour le remix.\n\nVOS DONN\u00c9ES\nNous vous demandons votre date de naissance pour v\u00e9rifier votre \u00e2ge. Nous vous demandons\nvotre vrai nom et votre pseudo (le cas \u00e9ch\u00e9ant) pour faire connaissance et parce que nous\naimerions savoir qui vous \u00eates. Nous vous demandons une adresse \u00e9lectronique valide car\nnous pourrions avoir besoin de vous contacter.\nCes donn\u00e9es sont trait\u00e9es par Mosaert Label, dont les coordonn\u00e9es sont d\u00e9taill\u00e9es ici :\nstromae.staging.webedia.pro\/en\/privacy-policy\/. Nous ne les transf\u00e9rerons ni ne les vendrons et vous\ndisposez de tous les droits accord\u00e9s par le GDPR \u00e0 cet \u00e9gard.\nVeuillez envoyer un courriel \u00e0 privacy@mosaert.com si vous avez une question ou un\nprobl\u00e8me quelconque.\n\nSI VOUS \u00caTES UNE PERSONNE MINEURE\nDans ce cas, vous garantissez que vous pouvez \u00eatre l\u00e9galement li\u00e9 et \u00eates habilit\u00e9 \u00e0 conclure\nun accord en vertu des lois de votre pays. Si ce n'est pas le cas, veuillez faire demi-tour (d\u00e9sol\u00e9)\net revenir lorsque le probl\u00e8me sera r\u00e9solu.\n\nMerci et soyez inspir\u00e9 !\n<\/textarea>\n\n<br>\n<br>\n\n\n<span class=\"wpcf7-form-control-wrap legal-notice\"><span class=\"wpcf7-form-control wpcf7-acceptance\"><span class=\"wpcf7-list-item\"><label><input type=\"checkbox\" name=\"legal-notice\" value=\"1\" aria-invalid=\"false\" class=\"required\" \/><span class=\"wpcf7-list-item-label\">Cochez cette case si vous avez lu et \u00eates d'accord avec ce qui pr\u00e9c\u00e8de*<\/a><\/u>.<\/span><\/label><\/span><\/span><\/span>\n\n<br>\n<br>\n\n<span class=\"wpcf7-form-control-wrap terms-of-use\"><span class=\"wpcf7-form-control wpcf7-acceptance\"><span class=\"wpcf7-list-item\"><label><input type=\"checkbox\" name=\"terms-of-use\" value=\"1\" aria-invalid=\"false\" class=\"required\" \/><span class=\"wpcf7-list-item-label\">J'ai lu et j'accepte <u><a href=\"https:\/\/stromae.staging.webedia.pro\/wordpress\/wp-content\/uploads\/2022\/03\/CONDITIONS-DUTILISATION-Remix-Lenfer.pdf\">les conditions d'utilisation*<\/a><\/u>.<\/span><\/label><\/span><\/span><\/span>\n\n\n<br>\n<br>\n\n\n\n<div class=\"button slide__button icon-eye\" target=\"\" data-delay=\"600\" style=\"visibility: visible; pointer-events: auto;\">\n   <div class=\"button__bg\" style=\"visibility: visible; transform: translate3d(-0.5rem, 0.5rem, 0px);\"><\/div>\n        <div class=\"button__content\">\n            <p style=\"transform: scaleX(1); background-color: rgb(255, 255, 255); border-color: rgb(14, 13, 63);\"> \n                 <span style=\"visibility: visible; opacity: 1;\">\n                       <button type=\"button\" class=\"btn btn--primary btn--icon-send cf7mls_next cf7mls_btn\" name=\"cf7mls_next\" id=\"cf7mls-next-btn-cf7mls_step-1\">\n                        Acc\u00e9der au formulaire\n                       <\/button>\n                 <\/span> \n            <\/p>\n        <\/div>\n<\/div>\n\n\n\n<p class=\"label-legend-form\">* : Champs obligatoires<\/p><div class=\"cf7mls-btns\"><\/div><p><\/p><\/fieldset><fieldset class=\"fieldset-cf7mls\"><h2>STEMS DE L'ENFER<\/h2>\n&nbsp;\n<p><\/p>\n<label> Votre pr\u00e9nom*\n    <span class=\"wpcf7-form-control-wrap first-name\"><input type=\"text\" name=\"first-name\" value=\"\" size=\"40\" class=\"wpcf7-form-control wpcf7-text wpcf7-validates-as-required\" aria-required=\"true\" aria-invalid=\"false\" \/><\/span> <\/label>\n\n<br>\n\n<label> Votre nom*\n    <span class=\"wpcf7-form-control-wrap last-name\"><input type=\"text\" name=\"last-name\" value=\"\" size=\"40\" class=\"wpcf7-form-control wpcf7-text wpcf7-validates-as-required\" aria-required=\"true\" aria-invalid=\"false\" \/><\/span> <\/label>\n\n<br>\n\n<label> Nom de sc\u00e8ne*\n    <span class=\"wpcf7-form-control-wrap name-scene\"><input type=\"text\" name=\"name-scene\" value=\"\" size=\"40\" class=\"wpcf7-form-control wpcf7-text wpcf7-validates-as-required\" aria-required=\"true\" aria-invalid=\"false\" \/><\/span> <\/label>\n\n<br>\n\n<label> Date de naissance*\n     <span class=\"wpcf7-form-control-wrap date-birth\"><input type=\"date\" name=\"date-birth\" value=\"\" class=\"wpcf7-form-control wpcf7-date wpcf7-validates-as-required wpcf7-validates-as-date\" aria-required=\"true\" aria-invalid=\"false\" \/><\/span> <\/label>\n\n<br>\n\n<label> Votre email*\n    <span class=\"wpcf7-form-control-wrap your-email\"><input type=\"email\" name=\"your-email\" value=\"\" size=\"40\" class=\"wpcf7-form-control wpcf7-text wpcf7-email wpcf7-validates-as-required wpcf7-validates-as-email\" aria-required=\"true\" aria-invalid=\"false\" \/><\/span> <\/label>\n<br>\n<br>\n\n<div class=\"button slide__button icon-eye\" target=\"\" data-delay=\"600\" style=\"visibility: visible; pointer-events: auto;\">\n   <div class=\"button__bg\" style=\"visibility: visible; transform: translate3d(-0.5rem, 0.5rem, 0px);\"><\/div>\n        <div class=\"button__content\">\n            <p style=\"transform: scaleX(1); background-color: rgb(255, 255, 255); border-color: rgb(14, 13, 63);\"> \n                 <span style=\"visibility: visible; opacity: 1;\">\n                       <button type=\"submit\" class=\"btn btn--primary btn--icon-send\">\n                        Envoyer\n                       <\/button>\n                 <\/span> \n            <\/p>\n        <\/div>\n<\/div>\n\n<p class=\"label-legend-form\">* : Champs obligatoires<\/p>\n<br>\n\n<button type=\"button\" class=\"cf7mls_back cf7mls_btn\" name=\"cf7mls_back\" id=\"cf7mls-back-btn-cf7mls_step-2\" style=\"text-decoration:underline\">\n    &#8592; Retour\n<\/button>\n     \n<input type=\"hidden\" name=\"redirectUrl\" value=\"https:\/\/stromae.staging.webedia.pro\/fr\/confirmation-stems\/\" class=\"wpcf7-form-control wpcf7-hidden\" id=\"redirectUrl\" \/>\n\n<div class=\"cf7mls-btns\"><\/fieldset><\/div><input type='hidden' class='wpcf7-pum' value='{\"closepopup\":false,\"closedelay\":0,\"openpopup\":false,\"openpopup_id\":0}' \/><div class=\"wpcf7-response-output\" aria-hidden=\"true\"><\/div><\/form><\/div>\n","protected":false},"excerpt":{"rendered":"","protected":false},"author":3,"featured_media":0,"parent":0,"menu_order":0,"comment_status":"closed","ping_status":"closed","template":"","meta":[],"_links":{"self":[{"href":"https:\/\/stromae.staging.webedia.pro\/fr\/wp-json\/wp\/v2\/pages\/2695"}],"collection":[{"href":"https:\/\/stromae.staging.webedia.pro\/fr\/wp-json\/wp\/v2\/pages"}],"about":[{"href":"https:\/\/stromae.staging.webedia.pro\/fr\/wp-json\/wp\/v2\/types\/page"}],"author":[{"embeddable":true,"href":"https:\/\/stromae.staging.webedia.pro\/fr\/wp-json\/wp\/v2\/users\/3"}],"replies":[{"embeddable":true,"href":"https:\/\/stromae.staging.webedia.pro\/fr\/wp-json\/wp\/v2\/comments?post=2695"}],"version-history":[{"count":6,"href":"https:\/\/stromae.staging.webedia.pro\/fr\/wp-json\/wp\/v2\/pages\/2695\/revisions"}],"predecessor-version":[{"id":3131,"href":"https:\/\/stromae.staging.webedia.pro\/fr\/wp-json\/wp\/v2\/pages\/2695\/revisions\/3131"}],"wp:attachment":[{"href":"https:\/\/stromae.staging.webedia.pro\/fr\/wp-json\/wp\/v2\/media?parent=2695"}],"curies":[{"name":"wp","href":"https:\/\/api.w.org\/{rel}","templated":true}]}}